{"id":132,"date":"2023-05-09T21:11:31","date_gmt":"2023-05-09T19:11:31","guid":{"rendered":"https:\/\/siaghum.fr\/?page_id=132"},"modified":"2025-12-23T07:04:02","modified_gmt":"2025-12-23T06:04:02","slug":"reservation-et-tarifs","status":"publish","type":"page","link":"https:\/\/lesattelagesdupilat.com\/index.php\/reservation-et-tarifs\/","title":{"rendered":"Tarifs et informations"},"content":{"rendered":"\n<h3 class=\"wp-block-heading has-text-align-center has-large-font-size\">Nos tarifs et informations <\/h3>\n\n\n\n<div style=\"height:80px\" aria-hidden=\"true\" class=\"wp-block-spacer\"><\/div>\n\n\n\n<p><font style=\"vertical-align: inherit;\"><font style=\"vertical-align: inherit;\">Les balades en cal\u00e8che propos\u00e9es par Les Attelages du Pilat sont disponibles principalement en p\u00e9riode estivale ou p\u00e9riode de vacances scolaire , ainsi que sur demande le reste de l&#8217;ann\u00e9e pour des \u00e9v\u00e9nements priv\u00e9s ou publics.<\/font><\/font><\/p>\n\n\n\n<p>Pendant les mois de juillet et ao\u00fbt, nous organisons des balades en cal\u00e8che au d\u00e9part de Chuyer, tous les jours sur r\u00e9servation.<\/p>\n\n\n\n<div style=\"height:7px\" aria-hidden=\"true\" class=\"wp-block-spacer\"><\/div>\n\n\n\n<hr class=\"wp-block-separator has-alpha-channel-opacity\"\/>\n\n\n\n<p>Deux formules sont propos\u00e9es :<\/p>\n\n\n\n<p><mark style=\"background-color:rgba(0, 0, 0, 0)\" class=\"has-inline-color has-accent-1-color\">Balade p\u00e9dagogique<\/mark> \u2013 1 heure,<font style=\"vertical-align: inherit;\"><font style=\"vertical-align: inherit;\"> 19 \u20ac par personne, gratuit pour les moins de 3 ans <\/font><\/font><\/p>\n\n\n\n<p>Une promenade id\u00e9ale pour les familles avec enfants, avec une approche ludique et \u00e9ducative du monde de l\u2019attelage et du cheval de trait.<\/p>\n\n\n\n<p><mark style=\"background-color:rgba(0, 0, 0, 0)\" class=\"has-inline-color has-accent-2-color\"><font dir=\"auto\" style=\"vertical-align: inherit;\"><font dir=\"auto\" style=\"vertical-align: inherit;\">D\u00e9gustation de Balade<\/font><\/font><\/mark><font dir=\"auto\" style=\"vertical-align: inherit;\"><font dir=\"auto\" style=\"vertical-align: inherit;\">\u2013 2 heures, <font dir=\"auto\" style=\"vertical-align: inherit;\"><font dir=\"auto\" style=\"vertical-align: inherit;\">40 \u20ac par adulte, 15 \u20ac par enfant<\/font><\/font> *<\/font><\/font><\/p>\n\n\n\n<p>*Tarif enfant valable jusqu&#8217;\u00e0 9 ans inclus<\/p>\n\n\n\n<p>Une exp\u00e9rience plus compl\u00e8te incluant la rencontre avec un vigneron local et une d\u00e9gustation de produits du terroir (vins AOP, fromages, charcuteries, etc.). Un moment de d\u00e9couverte et de convivialit\u00e9, au c\u0153ur du Pilat.<\/p>\n\n\n\n<p> <font style=\"vertical-align: inherit;\"><font style=\"vertical-align: inherit;\">(Minimum 4 personnes pour les promenades \u00e0 Chuyer)<\/font><\/font><\/p>\n\n\n\n<div style=\"height:4px\" aria-hidden=\"true\" class=\"wp-block-spacer\"><\/div>\n\n\n\n<hr class=\"wp-block-separator has-alpha-channel-opacity\"\/>\n\n\n\n<div style=\"height:55px\" aria-hidden=\"true\" class=\"wp-block-spacer\"><\/div>\n\n\n\n<p class=\"has-text-align-center\"><strong><mark style=\"background-color:rgba(0, 0, 0, 0)\" class=\"has-inline-color has-accent-1-color\">Les horaires et jours disponibles sont communiqu\u00e9s lors de la prise de contact. R\u00e9servation obligatoire.<\/mark><\/strong><\/p>\n\n\n\n<div style=\"height:35px\" aria-hidden=\"true\" class=\"wp-block-spacer\"><\/div>\n\n\n\n<p>De septembre \u00e0 juin : prestations sur demande<\/p>\n\n\n\n<p>En dehors de la p\u00e9riode estivale, nous proposons des prestations sur devis pour tout type d\u2019\u00e9v\u00e9nement, selon vos besoins, Mariages (arriv\u00e9e en cal\u00e8che, cort\u00e8ges), anniversaires, kermesses et f\u00eates de village, march\u00e9s de No\u00ebl, sorties scolaires, centres de loisirs, structures d\u2019accueil, animations pour entreprises, maisons de retraite, etc.<\/p>\n\n\n\n<p>Les prestations peuvent \u00eatre adapt\u00e9es selon le lieu, la dur\u00e9e, le nombre de participants et le type d\u2019\u00e9v\u00e9nement. Nous \u00e9tudions chaque demande avec attention afin de vous proposer une formule personnalis\u00e9e.<\/p>\n\n\n\n<div style=\"height:13px\" aria-hidden=\"true\" class=\"wp-block-spacer\"><\/div>\n\n\n\n<hr class=\"wp-block-separator has-alpha-channel-opacity\"\/>\n\n\n\n<p class=\"has-text-align-center\"><strong><mark style=\"background-color:rgba(0, 0, 0, 0)\" class=\"has-inline-color has-accent-2-color\">Informations et r\u00e9servations<\/mark><\/strong><\/p>\n\n\n\n<p><font style=\"vertical-align: inherit;\"><font style=\"vertical-align: inherit;\">Pour toute demande d&#8217;information, de disponibilit\u00e9 ou de devis, n&#8217;h\u00e9sitez pas \u00e0 nous contacter par t\u00e9l\u00e9phone, par mail ou via notre formulaire de contact.<\/font><\/font><\/p>\n\n\n\n<p>Annulation possible si conditions m\u00e9t\u00e9orologiques inadapt\u00e9es, Non accessible aux personnes \u00e0 mobilit\u00e9 r\u00e9duite.<\/p>\n\n\n\n<p>Pr\u00e9voir une petite veste, casquette et lunettes<\/p>\n\n\n\n<div style=\"height:50px\" aria-hidden=\"true\" class=\"wp-block-spacer\"><\/div>\n\n\n\n<hr class=\"wp-block-separator has-alpha-channel-opacity\"\/>\n\n\n\n<p><strong>Envie de faire plaisir ?&nbsp;<\/strong><\/p>\n\n\n\n<p><font style=\"vertical-align: inherit;\"><font style=\"vertical-align: inherit;\">Pensez au&nbsp;<\/font><\/font><strong><mark style=\"background-color:rgba(0, 0, 0, 0)\" class=\"has-inline-color has-accent-1-color\"><font style=\"vertical-align: inherit;\"><font style=\"vertical-align: inherit;\">BON CADEAU<\/font><\/font><\/mark><\/strong><font style=\"vertical-align: inherit;\"><font style=\"vertical-align: inherit;\">&nbsp;pour faire profiter votre famille ou vos amis d&#8217;un moment Magique !<\/font><\/font><\/p>\n\n\n\n<div style=\"height:28px\" aria-hidden=\"true\" class=\"wp-block-spacer\"><\/div>\n\n\n\n<figure class=\"wp-block-image size-large is-resized\"><img loading=\"lazy\" decoding=\"async\" width=\"1220\" height=\"1628\" src=\"https:\/\/lesattelagesdupilat.com\/wp-content\/uploads\/2025\/08\/1000008439-1-edited.jpg\" alt=\"\" class=\"wp-image-963\" style=\"width:311px;height:auto\" srcset=\"https:\/\/lesattelagesdupilat.com\/wp-content\/uploads\/2025\/08\/1000008439-1-edited.jpg 1220w, https:\/\/lesattelagesdupilat.com\/wp-content\/uploads\/2025\/08\/1000008439-1-edited-225x300.jpg 225w, https:\/\/lesattelagesdupilat.com\/wp-content\/uploads\/2025\/08\/1000008439-1-edited-767x1024.jpg 767w, https:\/\/lesattelagesdupilat.com\/wp-content\/uploads\/2025\/08\/1000008439-1-edited-768x1025.jpg 768w, https:\/\/lesattelagesdupilat.com\/wp-content\/uploads\/2025\/08\/1000008439-1-edited-1151x1536.jpg 1151w, https:\/\/lesattelagesdupilat.com\/wp-content\/uploads\/2025\/08\/1000008439-1-edited-600x801.jpg 600w\" sizes=\"auto, (max-width: 1220px) 100vw, 1220px\" \/><\/figure>\n\n\n\n<div style=\"height:50px\" aria-hidden=\"true\" class=\"wp-block-spacer\"><\/div>\n\n\n\n<div style=\"height:70px\" aria-hidden=\"true\" class=\"wp-block-spacer\"><\/div>\n\n\n\n<div class=\"wp-block-buttons is-content-justification-center is-layout-flex wp-container-core-buttons-is-layout-16018d1d wp-block-buttons-is-layout-flex\">\n<div class=\"wp-block-button\"><a class=\"wp-block-button__link wp-element-button\" href=\"https:\/\/lesattelagesdupilat.com\/index.php\/contact\/\">Contacter-nous<\/a><\/div>\n<\/div>\n","protected":false},"excerpt":{"rendered":"<p>Nos tarifs et informations Les balades en cal\u00e8che propos\u00e9es par Les Attelages du Pilat sont disponibles principalement en p\u00e9riode estivale ou p\u00e9riode de vacances scolaire &hellip;<\/p>\n","protected":false},"author":1,"featured_media":794,"parent":0,"menu_order":3,"comment_status":"closed","ping_status":"closed","template":"","meta":{"_monsterinsights_skip_tracking":false,"_monsterinsights_sitenote_active":false,"_monsterinsights_sitenote_note":"","_monsterinsights_sitenote_category":0,"footnotes":""},"class_list":["post-132","page","type-page","status-publish","has-post-thumbnail","hentry"],"aioseo_notices":[],"_links":{"self":[{"href":"https:\/\/lesattelagesdupilat.com\/index.php\/wp-json\/wp\/v2\/pages\/132","targetHints":{"allow":["GET"]}}],"collection":[{"href":"https:\/\/lesattelagesdupilat.com\/index.php\/wp-json\/wp\/v2\/pages"}],"about":[{"href":"https:\/\/lesattelagesdupilat.com\/index.php\/wp-json\/wp\/v2\/types\/page"}],"author":[{"embeddable":true,"href":"https:\/\/lesattelagesdupilat.com\/index.php\/wp-json\/wp\/v2\/users\/1"}],"replies":[{"embeddable":true,"href":"https:\/\/lesattelagesdupilat.com\/index.php\/wp-json\/wp\/v2\/comments?post=132"}],"version-history":[{"count":61,"href":"https:\/\/lesattelagesdupilat.com\/index.php\/wp-json\/wp\/v2\/pages\/132\/revisions"}],"predecessor-version":[{"id":986,"href":"https:\/\/lesattelagesdupilat.com\/index.php\/wp-json\/wp\/v2\/pages\/132\/revisions\/986"}],"wp:featuredmedia":[{"embeddable":true,"href":"https:\/\/lesattelagesdupilat.com\/index.php\/wp-json\/wp\/v2\/media\/794"}],"wp:attachment":[{"href":"https:\/\/lesattelagesdupilat.com\/index.php\/wp-json\/wp\/v2\/media?parent=132"}],"curies":[{"name":"wp","href":"https:\/\/api.w.org\/{rel}","templated":true}]}}