{"id":218,"date":"2023-04-10T18:32:36","date_gmt":"2023-04-10T16:32:36","guid":{"rendered":"https:\/\/siaghum.fr\/?page_id=31"},"modified":"2023-07-21T17:27:07","modified_gmt":"2023-07-21T15:27:07","slug":"travail-du-sol-au-cheval","status":"publish","type":"page","link":"https:\/\/lesattelagesdupilat.com\/index.php\/travail-du-sol-au-cheval\/","title":{"rendered":"Travaux agricole"},"content":{"rendered":"\n<h2 class=\"wp-block-heading has-large-font-size\">Le travail du sol \u00e0 cheval<\/h2>\n\n\n\n<div style=\"height:30px\" aria-hidden=\"true\" class=\"wp-block-spacer\"><\/div>\n\n\n\n<p>Nous effectuons des travaux agricoles dans les vignes, ils consistent \u00e0 travailler le sol des cultures avec des outils adapt\u00e9s, pour \u00e9limer l&#8217;herbe.<\/p>\n\n\n\n<div style=\"height:50px\" aria-hidden=\"true\" class=\"wp-block-spacer\"><\/div>\n\n\n\n<div class=\"wp-block-columns is-layout-flex wp-container-core-columns-is-layout-9d6595d7 wp-block-columns-is-layout-flex\">\n<div class=\"wp-block-column is-layout-flow wp-block-column-is-layout-flow\" style=\"flex-basis:66.66%\">\n<figure class=\"wp-block-image size-large\"><img loading=\"lazy\" decoding=\"async\" width=\"778\" height=\"1024\" src=\"http:\/\/lesattelagesdupilat.com\/wp-content\/uploads\/2023\/05\/IMG_20230511_180638-778x1024.jpg\" alt=\"travail du sol, traction animal, buttage, vigne, vall\u00e9e du rhone,,cecilia briat, pilat, pilatourisme, pilat tourisme,, les attelages du pilat, cheval, chevaux, \" class=\"wp-image-211\" srcset=\"https:\/\/lesattelagesdupilat.com\/wp-content\/uploads\/2023\/05\/IMG_20230511_180638-778x1024.jpg 778w, https:\/\/lesattelagesdupilat.com\/wp-content\/uploads\/2023\/05\/IMG_20230511_180638-600x789.jpg 600w, https:\/\/lesattelagesdupilat.com\/wp-content\/uploads\/2023\/05\/IMG_20230511_180638-228x300.jpg 228w, https:\/\/lesattelagesdupilat.com\/wp-content\/uploads\/2023\/05\/IMG_20230511_180638-768x1010.jpg 768w, https:\/\/lesattelagesdupilat.com\/wp-content\/uploads\/2023\/05\/IMG_20230511_180638.jpg 1080w\" sizes=\"auto, (max-width: 778px) 100vw, 778px\" \/><\/figure>\n<\/div>\n\n\n\n<div class=\"wp-block-column is-vertically-aligned-center is-layout-flow wp-block-column-is-layout-flow\" style=\"flex-basis:33.33%\">\n<h2 class=\"wp-block-heading\">Le buttage<\/h2>\n\n\n\n<div style=\"height:30px\" aria-hidden=\"true\" class=\"wp-block-spacer\"><\/div>\n\n\n\n<p>Le buttage consiste \u00e0 retourner le sol sur environ 10 \u00e0 15 centim\u00e8tres en formant des petites buttes contre les ceps (sous le rang) .<\/p>\n\n\n\n<p>Cette action \u00e9touffe l&#8217;herbe \ud83c\udf31 sous la butte et permet d&#8217;\u00e9liminer la concurrence herbe\/vignes ou de prot\u00e9ger la vigne des gel\u00e9e en hiver.<\/p>\n<\/div>\n<\/div>\n\n\n\n<div style=\"height:80px\" aria-hidden=\"true\" class=\"wp-block-spacer\"><\/div>\n\n\n\n<figure class=\"wp-block-image size-large is-resized\"><img loading=\"lazy\" decoding=\"async\" src=\"http:\/\/lesattelagesdupilat.com\/wp-content\/uploads\/2023\/05\/IMG_20230511_180657-1024x679.jpg\" alt=\"travail du sol, traction animal, buttage, vigne, vall\u00e9e du rhone,,cecilia briat, pilat, pilatourisme, pilat tourisme,, les attelages du pilat, cheval, chevaux, \" class=\"wp-image-213\" width=\"1033\" height=\"683\" srcset=\"https:\/\/lesattelagesdupilat.com\/wp-content\/uploads\/2023\/05\/IMG_20230511_180657-600x398.jpg 600w, https:\/\/lesattelagesdupilat.com\/wp-content\/uploads\/2023\/05\/IMG_20230511_180657-300x199.jpg 300w, https:\/\/lesattelagesdupilat.com\/wp-content\/uploads\/2023\/05\/IMG_20230511_180657-768x509.jpg 768w\" sizes=\"auto, (max-width: 1033px) 100vw, 1033px\" \/><\/figure>\n\n\n\n<div style=\"height:50px\" aria-hidden=\"true\" class=\"wp-block-spacer\"><\/div>\n\n\n\n<hr class=\"wp-block-separator has-alpha-channel-opacity\"\/>\n\n\n\n<div style=\"height:50px\" aria-hidden=\"true\" class=\"wp-block-spacer\"><\/div>\n\n\n\n<div class=\"wp-block-columns is-layout-flex wp-container-core-columns-is-layout-9d6595d7 wp-block-columns-is-layout-flex\">\n<div class=\"wp-block-column is-vertically-aligned-center is-layout-flow wp-block-column-is-layout-flow\" style=\"flex-basis:33.33%\">\n<h2 class=\"wp-block-heading\">Le binage<\/h2>\n\n\n\n<div style=\"height:30px\" aria-hidden=\"true\" class=\"wp-block-spacer\"><\/div>\n\n\n\n<p>Le binage, la griffe ou encore la gal\u00e8re selon les regions est un outil qui permet un d\u00e9sherbage m\u00e9canique, il travaille dans l&#8217;inter-rang des cultures<\/p>\n<\/div>\n\n\n\n<div class=\"wp-block-column is-layout-flow wp-block-column-is-layout-flow\" style=\"flex-basis:66.66%\">\n<figure class=\"wp-block-image size-large is-resized\"><img loading=\"lazy\" decoding=\"async\" src=\"http:\/\/lesattelagesdupilat.com\/wp-content\/uploads\/2023\/05\/IMG_20230217_152401-scaled-1-461x1024.jpg\" alt=\"travail du sol, traction animal, binage, vigne, vall\u00e9e du rhone,,cecilia briat, pilat, pilatourisme, pilat tourisme,, les attelages du pilat, cheval, chevaux, \" class=\"wp-image-216\" width=\"386\" height=\"857\" srcset=\"https:\/\/lesattelagesdupilat.com\/wp-content\/uploads\/2023\/05\/IMG_20230217_152401-scaled-1-461x1024.jpg 461w, https:\/\/lesattelagesdupilat.com\/wp-content\/uploads\/2023\/05\/IMG_20230217_152401-scaled-1-600x1333.jpg 600w, https:\/\/lesattelagesdupilat.com\/wp-content\/uploads\/2023\/05\/IMG_20230217_152401-scaled-1-135x300.jpg 135w, https:\/\/lesattelagesdupilat.com\/wp-content\/uploads\/2023\/05\/IMG_20230217_152401-scaled-1-768x1707.jpg 768w, https:\/\/lesattelagesdupilat.com\/wp-content\/uploads\/2023\/05\/IMG_20230217_152401-scaled-1-691x1536.jpg 691w, https:\/\/lesattelagesdupilat.com\/wp-content\/uploads\/2023\/05\/IMG_20230217_152401-scaled-1-922x2048.jpg 922w, https:\/\/lesattelagesdupilat.com\/wp-content\/uploads\/2023\/05\/IMG_20230217_152401-scaled-1.jpg 1152w\" sizes=\"auto, (max-width: 386px) 100vw, 386px\" \/><\/figure>\n<\/div>\n<\/div>\n\n\n\n<div style=\"height:50px\" aria-hidden=\"true\" class=\"wp-block-spacer\"><\/div>\n\n\n\n<hr class=\"wp-block-separator has-alpha-channel-opacity is-style-default\"\/>\n\n\n\n<div style=\"height:50px\" aria-hidden=\"true\" class=\"wp-block-spacer\"><\/div>\n\n\n\n<h4 class=\"wp-block-heading\">Le d\u00e9cavaillonnage <\/h4>\n\n\n\n<div style=\"height:30px\" aria-hidden=\"true\" class=\"wp-block-spacer\"><\/div>\n\n\n\n<p>Le d\u00e9cavaillonnage consiste \u00e0 travailler le sol entre les pieds de vignes (sous le rang), avec une charrue d\u00e9cavaillonneuse qui vient attraper la terre au plus pr\u00e8s des ceps afin d\u2019\u00e9liminer le buttage qui a \u00e9t\u00e9 r\u00e9aliser en amont dans la saison.<\/p>\n\n\n\n<figure class=\"wp-block-gallery aligncenter has-nested-images columns-default is-cropped wp-block-gallery-1 is-layout-flex wp-block-gallery-is-layout-flex\">\n<figure class=\"wp-block-image size-large\"><img loading=\"lazy\" decoding=\"async\" width=\"462\" height=\"1024\" data-id=\"101\" src=\"http:\/\/lesattelagesdupilat.com\/wp-content\/uploads\/2023\/05\/Screenshot_2023-05-04-10-26-40-140-edit_com.adobe_.lrmobile-462x1024.jpg\" alt=\"travail du sol, traction animal, d\u00e9cavaillonnage, d\u00e9cavaillonner, vigne, vall\u00e9e du rhone,,cecilia briat, pilat, pilatourisme, pilat tourisme,, les attelages du pilat, cheval, chevaux, \" class=\"wp-image-101\" srcset=\"https:\/\/lesattelagesdupilat.com\/wp-content\/uploads\/2023\/05\/Screenshot_2023-05-04-10-26-40-140-edit_com.adobe_.lrmobile-462x1024.jpg 462w, https:\/\/lesattelagesdupilat.com\/wp-content\/uploads\/2023\/05\/Screenshot_2023-05-04-10-26-40-140-edit_com.adobe_.lrmobile-600x1330.jpg 600w, https:\/\/lesattelagesdupilat.com\/wp-content\/uploads\/2023\/05\/Screenshot_2023-05-04-10-26-40-140-edit_com.adobe_.lrmobile-135x300.jpg 135w, https:\/\/lesattelagesdupilat.com\/wp-content\/uploads\/2023\/05\/Screenshot_2023-05-04-10-26-40-140-edit_com.adobe_.lrmobile-768x1703.jpg 768w, https:\/\/lesattelagesdupilat.com\/wp-content\/uploads\/2023\/05\/Screenshot_2023-05-04-10-26-40-140-edit_com.adobe_.lrmobile-693x1536.jpg 693w, https:\/\/lesattelagesdupilat.com\/wp-content\/uploads\/2023\/05\/Screenshot_2023-05-04-10-26-40-140-edit_com.adobe_.lrmobile-924x2048.jpg 924w, https:\/\/lesattelagesdupilat.com\/wp-content\/uploads\/2023\/05\/Screenshot_2023-05-04-10-26-40-140-edit_com.adobe_.lrmobile.jpg 964w\" sizes=\"auto, (max-width: 462px) 100vw, 462px\" \/><\/figure>\n\n\n\n<figure class=\"wp-block-image size-large\"><img loading=\"lazy\" decoding=\"async\" width=\"461\" height=\"1024\" data-id=\"86\" src=\"http:\/\/lesattelagesdupilat.com\/wp-content\/uploads\/2023\/05\/Screenshot_2023-04-28-15-09-52-765-edit_com.adobe_.lrmobile-1-461x1024.jpg\" alt=\"travail du sol, traction animal, d\u00e9cavaillonnage, d\u00e9cavaillonner, vigne, vall\u00e9e du rhone,,cecilia briat, pilat, pilatourisme, pilat tourisme,, les attelages du pilat, cheval, chevaux, \" class=\"wp-image-86\" srcset=\"https:\/\/lesattelagesdupilat.com\/wp-content\/uploads\/2023\/05\/Screenshot_2023-04-28-15-09-52-765-edit_com.adobe_.lrmobile-1-461x1024.jpg 461w, https:\/\/lesattelagesdupilat.com\/wp-content\/uploads\/2023\/05\/Screenshot_2023-04-28-15-09-52-765-edit_com.adobe_.lrmobile-1-600x1333.jpg 600w, https:\/\/lesattelagesdupilat.com\/wp-content\/uploads\/2023\/05\/Screenshot_2023-04-28-15-09-52-765-edit_com.adobe_.lrmobile-1-135x300.jpg 135w, https:\/\/lesattelagesdupilat.com\/wp-content\/uploads\/2023\/05\/Screenshot_2023-04-28-15-09-52-765-edit_com.adobe_.lrmobile-1-768x1707.jpg 768w, https:\/\/lesattelagesdupilat.com\/wp-content\/uploads\/2023\/05\/Screenshot_2023-04-28-15-09-52-765-edit_com.adobe_.lrmobile-1-691x1536.jpg 691w, https:\/\/lesattelagesdupilat.com\/wp-content\/uploads\/2023\/05\/Screenshot_2023-04-28-15-09-52-765-edit_com.adobe_.lrmobile-1-922x2048.jpg 922w, https:\/\/lesattelagesdupilat.com\/wp-content\/uploads\/2023\/05\/Screenshot_2023-04-28-15-09-52-765-edit_com.adobe_.lrmobile-1.jpg 967w\" sizes=\"auto, (max-width: 461px) 100vw, 461px\" \/><\/figure>\n<\/figure>\n","protected":false},"excerpt":{"rendered":"<p>Le travail du sol \u00e0 cheval Nous effectuons des travaux agricoles dans les vignes, ils consistent \u00e0 travailler le sol des cultures avec des outils &hellip;<\/p>\n","protected":false},"author":1,"featured_media":23,"parent":0,"menu_order":2,"comment_status":"closed","ping_status":"closed","template":"","meta":{"_monsterinsights_skip_tracking":false,"_monsterinsights_sitenote_active":false,"_monsterinsights_sitenote_note":"","_monsterinsights_sitenote_category":0,"footnotes":""},"class_list":["post-218","page","type-page","status-publish","has-post-thumbnail","hentry"],"aioseo_notices":[],"_links":{"self":[{"href":"https:\/\/lesattelagesdupilat.com\/index.php\/wp-json\/wp\/v2\/pages\/218","targetHints":{"allow":["GET"]}}],"collection":[{"href":"https:\/\/lesattelagesdupilat.com\/index.php\/wp-json\/wp\/v2\/pages"}],"about":[{"href":"https:\/\/lesattelagesdupilat.com\/index.php\/wp-json\/wp\/v2\/types\/page"}],"author":[{"embeddable":true,"href":"https:\/\/lesattelagesdupilat.com\/index.php\/wp-json\/wp\/v2\/users\/1"}],"replies":[{"embeddable":true,"href":"https:\/\/lesattelagesdupilat.com\/index.php\/wp-json\/wp\/v2\/comments?post=218"}],"version-history":[{"count":24,"href":"https:\/\/lesattelagesdupilat.com\/index.php\/wp-json\/wp\/v2\/pages\/218\/revisions"}],"predecessor-version":[{"id":834,"href":"https:\/\/lesattelagesdupilat.com\/index.php\/wp-json\/wp\/v2\/pages\/218\/revisions\/834"}],"wp:featuredmedia":[{"embeddable":true,"href":"https:\/\/lesattelagesdupilat.com\/index.php\/wp-json\/wp\/v2\/media\/23"}],"wp:attachment":[{"href":"https:\/\/lesattelagesdupilat.com\/index.php\/wp-json\/wp\/v2\/media?parent=218"}],"curies":[{"name":"wp","href":"https:\/\/api.w.org\/{rel}","templated":true}]}}